{"id":387,"date":"2016-02-11T16:38:34","date_gmt":"2016-02-11T15:38:34","guid":{"rendered":"http:\/\/alittlefilmproduction.com\/en\/?page_id=387"},"modified":"2020-02-12T17:27:51","modified_gmt":"2020-02-12T16:27:51","slug":"imprint","status":"publish","type":"page","link":"https:\/\/alittlefilmproduction.com\/en\/imprint\/","title":{"rendered":"imprint"},"content":{"rendered":"<div class='flex_column av-av_one_third-2a9015ff38129c418a3f2eafba3e9512 av_one_third  avia-builder-el-0  el_before_av_two_third  avia-builder-el-first  first flex_column_div '     ><section  class='av_textblock_section av-av_textblock-396ddf1f42196ca838231e61a4602801'  itemscope=\"itemscope\" itemtype=\"https:\/\/schema.org\/CreativeWork\" ><div class='avia_textblock'  itemprop=\"text\" ><p><strong>a little film production<\/strong><br \/>\nMiriam Klein GmbH<br \/>\nChodowieckistr. 38<br \/>\n10405 Berlin<\/p>\n<p><strong>Miriam Klein<\/strong><br \/>\nDiplom-Medien\u00f6konomin<br \/>\n<a href=\"mailto:mklein@alittlefilmproduction.com\">mklein@alittlefilmproduction.com<\/a><\/p>\n<p>Mobile: +49 178 298 1290<br \/>\nOffice: +49 30 2098 4321<\/p>\n<\/div><\/section><\/div>\n<style type=\"text\/css\" data-created_by=\"avia_inline_auto\" id=\"style-css-av-av_two_third-9c1d454dc06f7247226bc4e8f931daae\">\n.flex_column.av-av_two_third-9c1d454dc06f7247226bc4e8f931daae{\n-webkit-border-radius:0px 0px 0px 0px;\n-moz-border-radius:0px 0px 0px 0px;\nborder-radius:0px 0px 0px 0px;\npadding:0px 0px 0px 0px;\n}\n<\/style>\n<div class='flex_column av-av_two_third-9c1d454dc06f7247226bc4e8f931daae av_two_third  avia-builder-el-2  el_after_av_one_third  avia-builder-el-last  flex_column_div av-zero-column-padding '     ><section  class='av_textblock_section av-av_textblock-0366cc7376be6c9e82a3e9cc8987b64f'  itemscope=\"itemscope\" itemtype=\"https:\/\/schema.org\/CreativeWork\" ><div class='avia_textblock'  itemprop=\"text\" ><p><strong>Haftungshinweis<\/strong><\/p>\n<p>Trotz sorgf\u00e4ltiger inhaltlicher Kontrolle k\u00f6nnen wir f\u00fcr externe Links bez\u00fcglich Aktualit\u00e4t, Korrektheit, Vollst\u00e4ndigkeit oder Qualit\u00e4t der bereitgestellten Information keine Haftung \u00fcbernehmen. F\u00fcr den Inhalt extern verlinkter Seiten sind ausschlie\u00dflich deren Betreiber verantwortlich. alittlefilmproduction.com hat keinerlei Einfluss auf Gestaltung oder Inhalte extern verlinkter Seiten und macht sich deren Inhalt nicht zu Eigen. Diese Erkl\u00e4rung gilt f\u00fcr alle auf der Website www.alittlefilmproduction.com eingebundenen Links.<\/p>\n<p>Als Diensteanbieter sind wir gem\u00e4\u00df \u00a7 6 Abs.1 MDStV und \u00a7 8 Abs.1 TDG f\u00fcr eigene Inhalte auf diesen Seiten nach den allgemeinen Gesetzen verantwortlich. Diensteanbieter sind jedoch nicht verpflichtet, die von ihnen \u00fcbermittelten oder gespeicherten fremden Informationen zu \u00fcberwachen oder nach Umst\u00e4nden zu forschen, die auf eine rechtswidrige T\u00e4tigkeit hinweisen. Verpflichtungen zur Entfernung oder Sperrung der Nutzung von Informationen nach den allgemeinen Gesetzen bleiben hiervon unber\u00fchrt. Eine diesbez\u00fcgliche Haftung ist jedoch erst ab dem Zeitpunkt der Kenntnis einer konkreten Rechtsverletzung m\u00f6glich. Bei Bekanntwerden von entsprechenden Rechtsverletzungen werden wir diese Inhalte umgehend entfernen.<\/p>\n<p><strong>Datenschutz<\/strong><\/p>\n<p>Sofern wir personenbezogene Daten erheben, erfolgt dies stets auf freiwilliger Basis. Die Nutzung der Angebote und Dienste ist, soweit m\u00f6glich, stets ohne Angabe personenbezogener Daten m\u00f6glich.<\/p>\n<p>Der Nutzung von im Rahmen der Impressumspflicht ver\u00f6ffentlichten Kontaktdaten durch Dritte zur \u00dcbersendung von nicht ausdr\u00fccklich angeforderter Werbung und Informationsmaterialien wird hiermit ausdr\u00fccklich widersprochen. Die Betreiber der Seiten behalten sich ausdr\u00fccklich rechtliche Schritte im Falle der unverlangten Zusendung von Werbeinformationen, etwa durch Spam-Mails, vor.<\/p>\n<p><strong>Sonstige Hinweise<\/strong><\/p>\n<p>Urheberrecht und gewerblicher Rechtsschutz<\/p>\n<p>Der gesamte Inhalt der Internet-Seite unterliegt dem Schutz des Urheberrechts, dem gewerblichen Rechtsschutz und anderen Gesetzen zum Schutz des geistigen Eigentums. Ihre Weitergabe, Ver\u00e4nderung, gewerbliche Nutzung oder Verwendung auf anderen Websites ist untersagt. Einige Seiten enthalten Bilder, deren Rechte von Dritten nur zur Nutzung in dieser Website erworben wurden.<br \/>\nDer Autor ist bestrebt, in allen Publikationen die Urheberrechte der verwendeten Grafiken, Tondokumente, Videosequenzen und Texte zu beachten, von ihm selbst erstellte Grafiken, Tondokumente, Videosequenzen und Texte zu nutzen oder auf lizenzfreie Grafiken, Tondokumente, Videosequenzen und Texte zur\u00fcckzugreifen.<br \/>\nAlle innerhalb des Internetangebotes genannten und ggf. durch Dritte gesch\u00fctzten Marken- und Warenzeichen unterliegen uneingeschr\u00e4nkt den Bestimmungen des jeweils g\u00fcltigen Kennzeichenrechts und den Besitzrechten der jeweiligen eingetragenen Eigent\u00fcmer. Allein aufgrund der blo\u00dfen Nennung ist nicht der Schluss zu ziehen, dass Markenzeichen nicht durch Rechte Dritter gesch\u00fctzt sind!<br \/>\nDas Copyright f\u00fcr ver\u00f6ffentlichte, vom Autor selbst erstellte Objekte bleibt allein beim Autor der Seiten. Eine Vervielf\u00e4ltigung oder Verwendung solcher Grafiken, Tondokumente, Videosequenzen und Texte in anderen elektronischen oder gedruckten Publikationen ist ohne ausdr\u00fcckliche Zustimmung des Autors nicht gestattet.<\/p>\n<p>Wir behalten uns das Recht vor, den Inhalt dieser Internet-Seiten ohne vorherige Ank\u00fcndigungen zu \u00e4ndern. Eine Haftung ergibt sich daraus nicht.<br \/>\nGeltung deutschen Rechts<br \/>\nInternet Disclaimer und Erkl\u00e4rung unterliegen ausschlie\u00dflich dem deutschen Recht.<br \/>\nDieser Haftungsausschluss ist als Teil des Internetangebotes zu betrachten, von dem aus auf diese Seite verwiesen wurde. Sofern Teile oder einzelne Formulierungen dieses Textes der geltenden Rechtslage nicht, nicht mehr oder nicht vollst\u00e4ndig entsprechen sollten, bleiben die \u00fcbrigen Teile des Dokumentes in ihrem Inhalt und ihrer G\u00fcltigkeit davon unber\u00fchrt.<\/p>\n<\/div><\/section><\/div><\/p>\n","protected":false},"excerpt":{"rendered":"","protected":false},"author":4,"featured_media":0,"parent":0,"menu_order":99,"comment_status":"closed","ping_status":"closed","template":"","meta":{"footnotes":""},"class_list":["post-387","page","type-page","status-publish","hentry"],"_links":{"self":[{"href":"https:\/\/alittlefilmproduction.com\/en\/wp-json\/wp\/v2\/pages\/387","targetHints":{"allow":["GET"]}}],"collection":[{"href":"https:\/\/alittlefilmproduction.com\/en\/wp-json\/wp\/v2\/pages"}],"about":[{"href":"https:\/\/alittlefilmproduction.com\/en\/wp-json\/wp\/v2\/types\/page"}],"author":[{"embeddable":true,"href":"https:\/\/alittlefilmproduction.com\/en\/wp-json\/wp\/v2\/users\/4"}],"replies":[{"embeddable":true,"href":"https:\/\/alittlefilmproduction.com\/en\/wp-json\/wp\/v2\/comments?post=387"}],"version-history":[{"count":4,"href":"https:\/\/alittlefilmproduction.com\/en\/wp-json\/wp\/v2\/pages\/387\/revisions"}],"predecessor-version":[{"id":777,"href":"https:\/\/alittlefilmproduction.com\/en\/wp-json\/wp\/v2\/pages\/387\/revisions\/777"}],"wp:attachment":[{"href":"https:\/\/alittlefilmproduction.com\/en\/wp-json\/wp\/v2\/media?parent=387"}],"curies":[{"name":"wp","href":"https:\/\/api.w.org\/{rel}","templated":true}]}}